{"id":13,"date":"2020-10-11T22:05:10","date_gmt":"2020-10-11T20:05:10","guid":{"rendered":"http:\/\/www.vosgerau-legal.de\/en\/?page_id=13"},"modified":"2020-10-18T23:01:53","modified_gmt":"2020-10-18T21:01:53","slug":"dr-ulrich-vosgerau","status":"publish","type":"page","link":"https:\/\/www.vosgerau-legal.de\/en\/dr-ulrich-vosgerau\/","title":{"rendered":"Dr. Ulrich Vosgerau"},"content":{"rendered":"\t\t<div data-elementor-type=\"wp-page\" data-elementor-id=\"13\" class=\"elementor elementor-13\" data-elementor-post-type=\"page\">\n\t\t\t\t\t\t<section class=\"elementor-section elementor-top-section elementor-element elementor-element-66cdea0 elementor-section-full_width elementor-section-height-min-height elementor-section-height-default elementor-section-items-middle\" data-id=\"66cdea0\" data-element_type=\"section\" data-e-type=\"section\" data-settings=\"{&quot;background_background&quot;:&quot;slideshow&quot;,&quot;background_slideshow_gallery&quot;:[{&quot;id&quot;:80,&quot;url&quot;:&quot;http:\\\/\\\/www.vosgerau-legal.de\\\/wp-content\\\/uploads\\\/2020\\\/10\\\/Vosgerau_picture_01.jpg&quot;},{&quot;id&quot;:81,&quot;url&quot;:&quot;http:\\\/\\\/www.vosgerau-legal.de\\\/wp-content\\\/uploads\\\/2020\\\/10\\\/Vosgerau_picture_02.jpg&quot;}],&quot;background_slideshow_ken_burns&quot;:&quot;yes&quot;,&quot;background_slideshow_slide_duration&quot;:10000,&quot;background_slideshow_transition_duration&quot;:800,&quot;background_slideshow_loop&quot;:&quot;yes&quot;,&quot;background_slideshow_slide_transition&quot;:&quot;fade&quot;,&quot;background_slideshow_ken_burns_zoom_direction&quot;:&quot;in&quot;}\">\n\t\t\t\t\t\t<div class=\"elementor-container elementor-column-gap-default\">\n\t\t\t\t\t<div class=\"elementor-column elementor-col-33 elementor-top-column elementor-element elementor-element-b73724b\" data-id=\"b73724b\" data-element_type=\"column\" data-e-type=\"column\">\n\t\t\t<div class=\"elementor-widget-wrap elementor-element-populated\">\n\t\t\t\t\t\t<div class=\"elementor-element elementor-element-755cd94 elementor-widget elementor-widget-text-editor\" data-id=\"755cd94\" data-element_type=\"widget\" data-e-type=\"widget\" data-widget_type=\"text-editor.default\">\n\t\t\t\t<div class=\"elementor-widget-container\">\n\t\t\t\t\t\t\t\t\t<ul><li>Studium der Rechtswissenschaft an der Universit\u00e4t Passau und an der Albert-Ludwigs-Universit\u00e4t Freiburg i.Br.; Stipendiat der Studienstiftung des deutschen Volkes<\/li><li>Referendariat beim Kammergericht Berlin und an der Deutschen Hochschule f\u00fcr Verwaltungswissenschaften in Speyer<\/li><li>Rechtsanwalt seit 2004<\/li><li>Promotion an der Albert-Ludwigs-Universit\u00e4t Freiburg 2006 <em>(summa cum laude)<\/em><\/li><li>Habilitation f\u00fcr die F\u00e4cher \u00d6ffentliches Recht, V\u00f6lker- und Europarecht, Allgemeine Staatslehre und Rechtsphilosophie an der Universit\u00e4t zu K\u00f6ln 2012<\/li><li>2012\/13 Vertreter des <a href=\"https:\/\/www.jura.uni-muenchen.de\/fakultaet\/lehrstuehle\/huber\/index.html\">Lehrstuhls f\u00fcr \u00d6ffentliches Recht und Staatsphilosophie<\/a> an der Ludwig-Maximilians-Universit\u00e4t M\u00fcnchen<\/li><li>2013 Vertreter der\u00a0<a href=\"https:\/\/www.jura.uni-hannover.de\/de\/germelmann\/\">Lehrstuhls f\u00fcr \u00d6ffentliches Recht, Europarecht und Rechtsphilosophie<\/a>\u00a0an der Leibniz Universit\u00e4t Hannover<\/li><li>2013\/14 Vertreter des\u00a0<a href=\"https:\/\/www.jura.uni-passau.de\/lewinski\/\">Lehrstuhls f\u00fcr Staats- und Verwaltungsrecht sowie Wirtschaftsverwaltungsrecht, Medien- und Informationsrecht<\/a>\u00a0an der Universit\u00e4t Passau<\/li><li>2014-15 Vertreter des\u00a0<a href=\"https:\/\/kilian.jura.uni-halle.de\/\">Lehrstuhls f\u00fcr \u00d6ffentliches Recht, Finanz- und Umweltrecht, V\u00f6lker- und Europarecht<\/a>\u00a0des\u00a0<a href=\"https:\/\/www.jura.uni-halle.de\/lehrstuehle_dozenten\/hanschel\/\">Lehrstuhls f\u00fcr Deutsches, Europ\u00e4isches und Internationales \u00d6ffentliches Recht<\/a>\u00a0an der Martin-Luther-Universit\u00e4t Halle-Wittenberg<\/li><li>seit 2018 Mitglied im Kuratorium der Desiderius-Erasmus-Stiftung, seit 2020 Vorsitzender<\/li><\/ul>\t\t\t\t\t\t\t\t<\/div>\n\t\t\t\t<\/div>\n\t\t\t\t\t<\/div>\n\t\t<\/div>\n\t\t\t\t<div class=\"elementor-column elementor-col-33 elementor-top-column elementor-element elementor-element-6added5\" data-id=\"6added5\" data-element_type=\"column\" data-e-type=\"column\">\n\t\t\t<div class=\"elementor-widget-wrap\">\n\t\t\t\t\t\t\t<\/div>\n\t\t<\/div>\n\t\t\t\t<div class=\"elementor-column elementor-col-33 elementor-top-column elementor-element elementor-element-3dcf784\" data-id=\"3dcf784\" data-element_type=\"column\" data-e-type=\"column\">\n\t\t\t<div class=\"elementor-widget-wrap elementor-element-populated\">\n\t\t\t\t\t\t<div class=\"elementor-element elementor-element-e4b1c76 elementor-widget elementor-widget-image\" data-id=\"e4b1c76\" data-element_type=\"widget\" data-e-type=\"widget\" data-widget_type=\"image.default\">\n\t\t\t\t<div class=\"elementor-widget-container\">\n\t\t\t\t\t\t\t\t\t\t\t\t\t\t\t<img decoding=\"async\" src=\"http:\/\/www.vosgerau-legal.de\/wp-content\/uploads\/2020\/10\/portrait02.jpg\" title=\"\" alt=\"\" loading=\"lazy\" \/>\t\t\t\t\t\t\t\t\t\t\t\t\t\t\t<\/div>\n\t\t\t\t<\/div>\n\t\t\t\t<div class=\"elementor-element elementor-element-f739b85 elementor-widget elementor-widget-image\" data-id=\"f739b85\" data-element_type=\"widget\" data-e-type=\"widget\" data-widget_type=\"image.default\">\n\t\t\t\t<div class=\"elementor-widget-container\">\n\t\t\t\t\t\t\t\t\t\t\t\t\t\t\t<img decoding=\"async\" src=\"http:\/\/www.vosgerau-legal.de\/wp-content\/uploads\/2020\/10\/portrait01.jpg\" title=\"\" alt=\"\" loading=\"lazy\" \/>\t\t\t\t\t\t\t\t\t\t\t\t\t\t\t<\/div>\n\t\t\t\t<\/div>\n\t\t\t\t\t<\/div>\n\t\t<\/div>\n\t\t\t\t\t<\/div>\n\t\t<\/section>\n\t\t\t\t<\/div>\n\t\t","protected":false},"excerpt":{"rendered":"<p>Studium der Rechtswissenschaft an der Universit\u00e4t Passau und an der Albert-Ludwigs-Universit\u00e4t Freiburg i.Br.; Stipendiat der Studienstiftung des deutschen Volkes Referendariat beim Kammergericht Berlin und an der Deutschen Hochschule f\u00fcr Verwaltungswissenschaften in Speyer Rechtsanwalt seit 2004 Promotion an der Albert-Ludwigs-Universit\u00e4t Freiburg 2006 (summa cum laude) Habilitation f\u00fcr die F\u00e4cher \u00d6ffentliches Recht, V\u00f6lker- und Europarecht, Allgemeine Staatslehre&hellip;<\/p>\n","protected":false},"author":1,"featured_media":0,"parent":0,"menu_order":0,"comment_status":"closed","ping_status":"closed","template":"","meta":{"footnotes":""},"class_list":["post-13","page","type-page","status-publish","hentry"],"_links":{"self":[{"href":"https:\/\/www.vosgerau-legal.de\/en\/wp-json\/wp\/v2\/pages\/13","targetHints":{"allow":["GET"]}}],"collection":[{"href":"https:\/\/www.vosgerau-legal.de\/en\/wp-json\/wp\/v2\/pages"}],"about":[{"href":"https:\/\/www.vosgerau-legal.de\/en\/wp-json\/wp\/v2\/types\/page"}],"author":[{"embeddable":true,"href":"https:\/\/www.vosgerau-legal.de\/en\/wp-json\/wp\/v2\/users\/1"}],"replies":[{"embeddable":true,"href":"https:\/\/www.vosgerau-legal.de\/en\/wp-json\/wp\/v2\/comments?post=13"}],"version-history":[{"count":4,"href":"https:\/\/www.vosgerau-legal.de\/en\/wp-json\/wp\/v2\/pages\/13\/revisions"}],"predecessor-version":[{"id":40,"href":"https:\/\/www.vosgerau-legal.de\/en\/wp-json\/wp\/v2\/pages\/13\/revisions\/40"}],"wp:attachment":[{"href":"https:\/\/www.vosgerau-legal.de\/en\/wp-json\/wp\/v2\/media?parent=13"}],"curies":[{"name":"wp","href":"https:\/\/api.w.org\/{rel}","templated":true}]}}